{"id":1602,"date":"2014-02-28T08:50:29","date_gmt":"2014-02-28T07:50:29","guid":{"rendered":"http:\/\/ri.eurotel.pl\/?page_id=1602"},"modified":"2022-04-05T15:16:55","modified_gmt":"2022-04-05T13:16:55","slug":"opis-spolki","status":"publish","type":"page","link":"https:\/\/ri.eurotel.pl\/en\/opis-spolki\/","title":{"rendered":"Opis sp\u00f3\u0142ki"},"content":{"rendered":"<p>Grupa Eurotel dzia\u0142a g\u0142\u00f3wnie w obszarze sprzeda\u017cy detalicznej prowadz\u0105c salony z ofert\u0105 operator\u00f3w telefonii kom\u00f3rkowej\u00a0 T-Mobile oraz PLAY i Canal+. Grupa Eurotel posiada wiod\u0105c\u0105 pozycj\u0119 na rynku telekomunikacyjnym obs\u0142uguj\u0105c \u0142\u0105cznie ponad 200 takich salon\u00f3w sprzeda\u017cy na terenie ca\u0142ego kraju.<\/p>\n<p>Eurotel by\u0142 jedn\u0105 z firm wprowadzaj\u0105cych technologi\u0119 GSM w Polsce, rozpoczynaj\u0105c 16 wrze\u015bnia 1996 roku nowy etap w telekomunikacji, zmieniaj\u0105c styl pracy i \u017cycia wielu klient\u00f3w. Przygod\u0119 z now\u0105 technologi\u0105 rozpoczyna\u0142o wtedy ponad sto podobnych firm. Obecnie zosta\u0142o ich tylko kilka, co najlepiej \u015bwiadczy o zweryfikowaniu efektywno\u015bci dzia\u0142ania Sp\u00f3\u0142ki przez rynek.<\/p>\n<p>Eurotel SA posiada 100% udzia\u0142\u00f3w w sieci obs\u0142uguj\u0105cej salony operatora PLAY pod mark\u0105 Viamind. Sp\u00f3\u0142ki Grupy Eurotel zatrudniaj\u0105 \u0142\u0105cznie ok. 400 pracownik\u00f3w, skonsolidowane obroty przekraczaj\u0105 250 mln z\u0142 rocznie.<\/p>\n<p>W ramach Eurotel SA prowadzona jest r\u00f3wnie\u017c wsp\u00f3\u0142praca z Apple International, na podstawie kt\u00f3rej dzia\u0142a sieci salon\u00f3w sprzeda\u017cy produkt\u00f3w Apple pod w\u0142asn\u0105 mark\u0105 iDream.\u00a0 Obecne dzia\u0142a 9 takich salon\u00f3w na terenie Polski. Prowadzenie serwisu sprz\u0119tu Apple oraz rozpocz\u0119cie dzia\u0142alno\u015bci edukacyjnej zwi\u0105zanej z produktami Apple jest kolejnym etapem zacie\u015bniania tej wsp\u00f3\u0142pracy i b\u0119dzie kontynuowane r\u00f3wnie\u017c w innych obszarach jak np. biznes.<\/p>\n<p>W 2006 rok akcje Eurotel SA zadebiutowa\u0142y na g\u0142\u00f3wnym rynku GPW w Warszawie, a kurs Sp\u00f3\u0142ki podczas debiutu wzr\u00f3s\u0142 o 16%. Sp\u00f3\u0142ka pozyska\u0142a \u015brodki w wysoko\u015bci prawie 20 mln z\u0142, kt\u00f3re zosta\u0142y przeznaczone na rozw\u00f3j polegaj\u0105cy g\u0142\u00f3wnie na akwizycji innych sieci sprzeda\u017cy, co pozwoli\u0142 sp\u00f3\u0142ce sta\u0107 si\u0119 najwi\u0119kszym partnerem operatora T-Mobile.<\/p>\n<p>Eurotel SA posiada polityk\u0119 wyp\u0142aty dywidendy publikowan\u0105 na swojej stronie relacji inwestorskich, dziel\u0105c si\u0119 zyskami z inwestorami corocznie od momentu swojego debiutu.<\/p>\n<p>Eurotel SA aktywnie wsp\u00f3\u0142pracuje z rynkiem kapita\u0142owym zar\u00f3wno w obszarze instytucji finansowych jak i inwestorami indywidualnymi, g\u0142\u00f3wnie poprzez wsp\u00f3\u0142prac\u0119 ze SII. Odbywane s\u0105 r\u00f3wnie\u017c cykliczne spotkania z zainteresowanymi uczestnikami rynku jak i na bie\u017c\u0105co udzielane s\u0105 odpowiedzi na zadawane pytania m.in. w programie \u201eSp\u00f3\u0142ka odpowiada inwestorom&#8221; Pulsu Biznesu.<\/p>\n<p>Eurotel SA przestrzega zasad zawartych w Dobrych praktykach sp\u00f3\u0142ek notowanych na GPW. Akcje Eurotel SA s\u0105 obj\u0119te programem wspierania p\u0142ynno\u015bci GPW, a Sp\u00f3\u0142ka posiada swojego animatora rynku.<\/p>\n<p>Eurotel i jego sp\u00f3\u0142ki zale\u017cne s\u0105 laureatami wielu wyr\u00f3\u017cnie\u0144 i nagr\u00f3d dotycz\u0105cych osi\u0105ganych wynik\u00f3w i standard\u00f3w obs\u0142ugi klienta w ramach wsp\u00f3\u0142pracy z operatorami telekomunikacyjnymi. Eurotel SA jest r\u00f3wnie\u017c laureatem wielu innych nagr\u00f3d i wyr\u00f3\u017cnie\u0144 jak Gazela Biznesu, Przedsi\u0119biorstwo Fair Play, Gepard Biznesu, czy nagr\u00f3d bran\u017cowych jak Z\u0142oty Bell.<\/p>\n","protected":false},"excerpt":{"rendered":"<p>Grupa Eurotel dzia\u0142a g\u0142\u00f3wnie w obszarze sprzeda\u017cy detalicznej prowadz\u0105c salony z ofert\u0105 operator\u00f3w telefonii kom\u00f3rkowej\u00a0 T-Mobile oraz PLAY i Canal+. Grupa Eurotel posiada wiod\u0105c\u0105 pozycj\u0119 na rynku telekomunikacyjnym obs\u0142uguj\u0105c \u0142\u0105cznie ponad 200 takich salon\u00f3w sprzeda\u017cy na terenie ca\u0142ego kraju. Eurotel by\u0142 jedn\u0105 z firm wprowadzaj\u0105cych technologi\u0119 GSM w Polsce, rozpoczynaj\u0105c 16 wrze\u015bnia 1996 roku nowy [&hellip;]<\/p>\n","protected":false},"author":1,"featured_media":0,"parent":0,"menu_order":0,"comment_status":"open","ping_status":"open","template":"","meta":[],"acf":[],"_links":{"self":[{"href":"https:\/\/ri.eurotel.pl\/en\/wp-json\/wp\/v2\/pages\/1602"}],"collection":[{"href":"https:\/\/ri.eurotel.pl\/en\/wp-json\/wp\/v2\/pages"}],"about":[{"href":"https:\/\/ri.eurotel.pl\/en\/wp-json\/wp\/v2\/types\/page"}],"author":[{"embeddable":true,"href":"https:\/\/ri.eurotel.pl\/en\/wp-json\/wp\/v2\/users\/1"}],"replies":[{"embeddable":true,"href":"https:\/\/ri.eurotel.pl\/en\/wp-json\/wp\/v2\/comments?post=1602"}],"version-history":[{"count":14,"href":"https:\/\/ri.eurotel.pl\/en\/wp-json\/wp\/v2\/pages\/1602\/revisions"}],"predecessor-version":[{"id":3419,"href":"https:\/\/ri.eurotel.pl\/en\/wp-json\/wp\/v2\/pages\/1602\/revisions\/3419"}],"wp:attachment":[{"href":"https:\/\/ri.eurotel.pl\/en\/wp-json\/wp\/v2\/media?parent=1602"}],"curies":[{"name":"wp","href":"https:\/\/api.w.org\/{rel}","templated":true}]}}