{"id":1612,"date":"2015-01-19T09:29:05","date_gmt":"2015-01-19T08:29:05","guid":{"rendered":"http:\/\/ri.eurotel.pl\/?page_id=1612"},"modified":"2015-01-27T08:40:12","modified_gmt":"2015-01-27T07:40:12","slug":"shareholders","status":"publish","type":"page","link":"https:\/\/ri.eurotel.pl\/en\/shareholders\/","title":{"rendered":"Shareholders"},"content":{"rendered":"<p>Main shareholders, members of the Director\u2019s Board and Supervisory Board of Eurotel S.A.<\/p>\n<div class=\"table-responsive\"><table  style=\"width:100%; \"  class=\"easy-table easy-table-default \" >\n<thead>\r\n<tr><th >Shareholder<\/th>\n<th > Number of shares<\/th>\n<th > Capital stock[%]<\/th>\n<th > Number of votes [%]<\/th>\n<\/tr>\n<\/thead>\n<tbody>\r\n<tr><td >Krzysztof Stepokura<\/td>\n<td >1131182<\/td>\n<td >30,18<\/td>\n<td >30,18<\/td>\n<\/tr>\n\r\n<tr><td >Jacek Foltarz<\/td>\n<td >980660<\/td>\n<td >26,16<\/td>\n<td >26,16<\/td>\n<\/tr>\n\r\n<tr><td >PKO TFI<\/td>\n<td >208674<\/td>\n<td >5,57<\/td>\n<td >5,57<\/td>\n<\/tr>\n\r\n<tr><td >Bogus\u0142aw Marczak<\/td>\n<td >193453<\/td>\n<td >5,16<\/td>\n<td >5,16<\/td>\n<\/tr>\n\r\n<tr><td >Tomasz Basi\u0144ski <\/td>\n<td >130000<\/td>\n<td >3,47<\/td>\n<td >3,47<\/td>\n<\/tr>\n\r\n<tr><td >Marek Parnowski <\/td>\n<td >72000<\/td>\n<td >1,92<\/td>\n<td >1,92<\/td>\n<\/tr>\n\r\n<tr><td >Wolny obr\u00f3t<\/td>\n<td >1032286<\/td>\n<td >27,54<\/td>\n<td >27,54<\/td>\n<\/tr>\n<\/tbody><\/table><\/div>\n<div class=\"row\">\n<div class=\"col-md-2\">\n<p class=\"text-center\">Krzyszfor Stepokura<\/p>\n<div class=\"center  wp-chart-wrap\" style=\"max-width: 100%; width:95%; height:auto;margin:5px;\" data-proportion=\"1\"><canvas id=\"Stepokura\" height=\"625\" width=\"625\" class=\"wp_charts_canvas\" data-proportion=\"1\"><\/canvas><\/div>\n\t<script type=\"text\/javascript\">var StepokuraOps = {\n\t\tanimation: true,}; var StepokuraData = [{\n\t\t\t\t\tvalue \t: 302,\n\t\t\t\t\tcolor \t: \"#008B6E\"\n\t\t\t\t},{\n\t\t\t\t\tvalue \t: 698,\n\t\t\t\t\tcolor \t: \"#E6E6E6\"\n\t\t\t\t}];\n         window.wp_charts = window.wp_charts || {};\n\t     window.wp_charts[\"Stepokura\"] = { options: StepokuraOps, data: StepokuraData, type: \"Doughnut\" };\n\n\t<\/script>\n<\/div>\n<div class=\"col-md-2\">\n<p class=\"text-center\">Jacek Foltarz<\/p>\n<div class=\"center  wp-chart-wrap\" style=\"max-width: 100%; width:95%; height:auto;margin:5px;\" data-proportion=\"1\"><canvas id=\"Foltarz\" height=\"625\" width=\"625\" class=\"wp_charts_canvas\" data-proportion=\"1\"><\/canvas><\/div>\n\t<script type=\"text\/javascript\">var FoltarzOps = {\n\t\tanimation: true,}; var FoltarzData = [{\n\t\t\t\t\tvalue \t: 262,\n\t\t\t\t\tcolor \t: \"#008B6E\"\n\t\t\t\t},{\n\t\t\t\t\tvalue \t: 738,\n\t\t\t\t\tcolor \t: \"#E6E6E6\"\n\t\t\t\t}];\n         window.wp_charts = window.wp_charts || {};\n\t     window.wp_charts[\"Foltarz\"] = { options: FoltarzOps, data: FoltarzData, type: \"Doughnut\" };\n\n\t<\/script>\n<\/div>\n<div class=\"col-md-2\">\n<p class=\"text-center\">PKO TFI<\/p>\n<div class=\"center  wp-chart-wrap\" style=\"max-width: 100%; width:95%; height:auto;margin:5px;\" data-proportion=\"1\"><canvas id=\"Allianz2\" height=\"625\" width=\"625\" class=\"wp_charts_canvas\" data-proportion=\"1\"><\/canvas><\/div>\n\t<script type=\"text\/javascript\">var Allianz2Ops = {\n\t\tanimation: true,}; var Allianz2Data = [{\n\t\t\t\t\tvalue \t: 56,\n\t\t\t\t\tcolor \t: \"#008B6E\"\n\t\t\t\t},{\n\t\t\t\t\tvalue \t: 944,\n\t\t\t\t\tcolor \t: \"#E6E6E6\"\n\t\t\t\t}];\n         window.wp_charts = window.wp_charts || {};\n\t     window.wp_charts[\"Allianz2\"] = { options: Allianz2Ops, data: Allianz2Data, type: \"Doughnut\" };\n\n\t<\/script>\n<\/div>\n<div class=\"col-md-2\">\n<p class=\"text-center\">Bogus\u0142aw Marczak<\/p>\n<div class=\"center  wp-chart-wrap\" style=\"max-width: 100%; width:95%; height:auto;margin:5px;\" data-proportion=\"1\"><canvas id=\"Parnowski\" height=\"625\" width=\"625\" class=\"wp_charts_canvas\" data-proportion=\"1\"><\/canvas><\/div>\n\t<script type=\"text\/javascript\">var ParnowskiOps = {\n\t\tanimation: true,}; var ParnowskiData = [{\n\t\t\t\t\tvalue \t: 52,\n\t\t\t\t\tcolor \t: \"#008B6E\"\n\t\t\t\t},{\n\t\t\t\t\tvalue \t: 948,\n\t\t\t\t\tcolor \t: \"#E6E6E6\"\n\t\t\t\t}];\n         window.wp_charts = window.wp_charts || {};\n\t     window.wp_charts[\"Parnowski\"] = { options: ParnowskiOps, data: ParnowskiData, type: \"Doughnut\" };\n\n\t<\/script>\n<\/div>\n<div class=\"col-md-2\">\n<p class=\"text-center\">Tomasz Basi\u0144ski<\/p>\n<div class=\"center  wp-chart-wrap\" style=\"max-width: 100%; width:95%; height:auto;margin:5px;\" data-proportion=\"1\"><canvas id=\"Allianz3\" height=\"625\" width=\"625\" class=\"wp_charts_canvas\" data-proportion=\"1\"><\/canvas><\/div>\n\t<script type=\"text\/javascript\">var Allianz3Ops = {\n\t\tanimation: true,}; var Allianz3Data = [{\n\t\t\t\t\tvalue \t: 35,\n\t\t\t\t\tcolor \t: \"#008B6E\"\n\t\t\t\t},{\n\t\t\t\t\tvalue \t: 965,\n\t\t\t\t\tcolor \t: \"#E6E6E6\"\n\t\t\t\t}];\n         window.wp_charts = window.wp_charts || {};\n\t     window.wp_charts[\"Allianz3\"] = { options: Allianz3Ops, data: Allianz3Data, type: \"Doughnut\" };\n\n\t<\/script>\n<\/div>\n<div class=\"col-md-2\">\n<p class=\"text-center\">Wolny obr\u00f3t<\/p>\n<div class=\"center  wp-chart-wrap\" style=\"max-width: 100%; width:95%; height:auto;margin:5px;\" data-proportion=\"1\"><canvas id=\"Wolnyobr\u00f3t\" height=\"625\" width=\"625\" class=\"wp_charts_canvas\" data-proportion=\"1\"><\/canvas><\/div>\n\t<script type=\"text\/javascript\">var Wolnyobr\u00f3tOps = {\n\t\tanimation: true,}; var Wolnyobr\u00f3tData = [{\n\t\t\t\t\tvalue \t: 273,\n\t\t\t\t\tcolor \t: \"#008B6E\"\n\t\t\t\t},{\n\t\t\t\t\tvalue \t: 727,\n\t\t\t\t\tcolor \t: \"#E6E6E6\"\n\t\t\t\t}];\n         window.wp_charts = window.wp_charts || {};\n\t     window.wp_charts[\"Wolnyobr\u00f3t\"] = { options: Wolnyobr\u00f3tOps, data: Wolnyobr\u00f3tData, type: \"Doughnut\" };\n\n\t<\/script>\n<\/div>\n<\/div>\n<hr \/>\n<div class=\"table-responsive\"><table  style=\"width:100%; \"  class=\"easy-table easy-table-default \" >\n<thead>\r\n<tr><th >Series of shares <\/th>\n<th >Number of shares<\/th>\n<th >Par value per share<\/th>\n<th >Par value per series <\/th>\n<th >Uprzywilejowanie akcji<\/th>\n<\/tr>\n<\/thead>\n<tbody>\r\n<tr><td >A<\/td>\n<td >2 500 000<\/td>\n<td > 0,20z\u0142<\/td>\n<td > 500 000,00z\u0142<\/td>\n<td >brak<\/td>\n<\/tr>\n\r\n<tr><td >B<\/td>\n<td >1 248 255<\/td>\n<td >0,20z\u0142<\/td>\n<td >249 651,00z\u0142<\/td>\n<td >brak<\/td>\n<\/tr>\n<\/tbody><\/table><\/div>\n<p>The total number of Eurotel SA shares is <strong>3 748\u00a0255 shares<\/strong>.<br \/>\nThe total number of votes at the Eurotel SA General Meeting of the Shareholders is <strong>3 748 255 votes.<\/strong><\/p>\n","protected":false},"excerpt":{"rendered":"<p>Main shareholders, members of the Director\u2019s Board and Supervisory Board of Eurotel S.A. Krzyszfor Stepokura Jacek Foltarz PKO TFI Bogus\u0142aw Marczak Tomasz Basi\u0144ski Wolny obr\u00f3t The total number of Eurotel SA shares is 3 748\u00a0255 shares. The total number of votes at the Eurotel SA General Meeting of the Shareholders is 3 748 255 votes.<\/p>\n","protected":false},"author":1,"featured_media":0,"parent":0,"menu_order":0,"comment_status":"open","ping_status":"open","template":"","meta":[],"acf":[],"_links":{"self":[{"href":"https:\/\/ri.eurotel.pl\/en\/wp-json\/wp\/v2\/pages\/1612"}],"collection":[{"href":"https:\/\/ri.eurotel.pl\/en\/wp-json\/wp\/v2\/pages"}],"about":[{"href":"https:\/\/ri.eurotel.pl\/en\/wp-json\/wp\/v2\/types\/page"}],"author":[{"embeddable":true,"href":"https:\/\/ri.eurotel.pl\/en\/wp-json\/wp\/v2\/users\/1"}],"replies":[{"embeddable":true,"href":"https:\/\/ri.eurotel.pl\/en\/wp-json\/wp\/v2\/comments?post=1612"}],"version-history":[{"count":7,"href":"https:\/\/ri.eurotel.pl\/en\/wp-json\/wp\/v2\/pages\/1612\/revisions"}],"predecessor-version":[{"id":1813,"href":"https:\/\/ri.eurotel.pl\/en\/wp-json\/wp\/v2\/pages\/1612\/revisions\/1813"}],"wp:attachment":[{"href":"https:\/\/ri.eurotel.pl\/en\/wp-json\/wp\/v2\/media?parent=1612"}],"curies":[{"name":"wp","href":"https:\/\/api.w.org\/{rel}","templated":true}]}}